{"id":1842,"date":"2025-08-20T12:11:51","date_gmt":"2025-08-20T10:11:51","guid":{"rendered":"https:\/\/asesoriaxesta.com\/subvenciones\/"},"modified":"2025-11-18T17:27:37","modified_gmt":"2025-11-18T16:27:37","slug":"subvenciones","status":"publish","type":"page","link":"https:\/\/asesoriaxesta.com\/es\/servicios\/subvenciones\/","title":{"rendered":"Subvenciones"},"content":{"rendered":"<style>.kb-row-layout-id528_420804-38 > .kt-row-column-wrap{align-content:center;}:where(.kb-row-layout-id528_420804-38 > .kt-row-column-wrap) > .wp-block-kadence-column{justify-content:center;}.kb-row-layout-id528_420804-38 > .kt-row-column-wrap{column-gap:var(--global-kb-gap-md, 2rem);row-gap:var(--global-kb-gap-md, 2rem);max-width:var( --global-content-width, 1450px );padding-left:var(--global-content-edge-padding);padding-right:var(--global-content-edge-padding);padding-top:var(--global-kb-spacing-xl, 4rem);padding-bottom:var(--global-kb-spacing-lg, 3rem);padding-left:var(--global-kb-spacing-xl, 4rem);min-height:20vh;grid-template-columns:repeat(2, minmax(0, 1fr));}.kb-row-layout-id528_420804-38{border-top-left-radius:40px;border-top-right-radius:40px;border-bottom-right-radius:40px;border-bottom-left-radius:40px;overflow:clip;isolation:isolate;}.kb-row-layout-id528_420804-38 > .kt-row-layout-overlay{border-top-left-radius:40px;border-top-right-radius:40px;border-bottom-right-radius:40px;border-bottom-left-radius:40px;}.kb-row-layout-id528_420804-38{border-top:0px solid var(--global-palette1, #3182CE);border-right:0px solid var(--global-palette1, #3182CE);border-bottom:0px solid var(--global-palette1, #3182CE);border-left:0px solid var(--global-palette1, #3182CE);}.kb-row-layout-id528_420804-38 > .kt-row-layout-overlay{opacity:0.30;}@media all and (max-width: 1024px){.kb-row-layout-id528_420804-38 > .kt-row-column-wrap{grid-template-columns:repeat(2, minmax(0, 1fr));}}@media all and (max-width: 1024px){.kb-row-layout-id528_420804-38{border-top:0px solid var(--global-palette1, #3182CE);border-right:0px solid var(--global-palette1, #3182CE);border-bottom:0px solid var(--global-palette1, #3182CE);border-left:0px solid var(--global-palette1, #3182CE);}}@media all and (max-width: 767px){.kb-row-layout-id528_420804-38 > .kt-row-column-wrap{padding-right:var(--global-kb-spacing-sm, 1.5rem);padding-left:var(--global-kb-spacing-md, 2rem);grid-template-columns:minmax(0, 1fr);}.kb-row-layout-id528_420804-38 > .kt-row-column-wrap > .wp-block-kadence-column:nth-child(1 of *:not(style)){order:2;}.kb-row-layout-id528_420804-38 > .kt-row-column-wrap > .wp-block-kadence-column:nth-child(2 of *:not(style)){order:1;}.kb-row-layout-id528_420804-38 > .kt-row-column-wrap > .wp-block-kadence-column:nth-child(3 of *:not(style)){order:12;}.kb-row-layout-id528_420804-38 > .kt-row-column-wrap > .wp-block-kadence-column:nth-child(4 of *:not(style)){order:11;}.kb-row-layout-id528_420804-38 > .kt-row-column-wrap > .wp-block-kadence-column:nth-child(5 of *:not(style)){order:22;}.kb-row-layout-id528_420804-38 > .kt-row-column-wrap > .wp-block-kadence-column:nth-child(6 of *:not(style)){order:21;}.kb-row-layout-id528_420804-38 > .kt-row-column-wrap > .wp-block-kadence-column:nth-child(7 of *:not(style)){order:32;}.kb-row-layout-id528_420804-38 > .kt-row-column-wrap > .wp-block-kadence-column:nth-child(8 of *:not(style)){order:31;}.kb-row-layout-id528_420804-38{border-top-left-radius:20px;border-top-right-radius:20px;border-bottom-right-radius:20px;border-bottom-left-radius:20px;border-top:0px solid var(--global-palette1, #3182CE);border-right:0px solid var(--global-palette1, #3182CE);border-bottom:0px solid var(--global-palette1, #3182CE);border-left:0px solid var(--global-palette1, #3182CE);}.kb-row-layout-id528_420804-38 > .kt-row-layout-overlay{border-top-left-radius:20px;border-top-right-radius:20px;border-bottom-right-radius:20px;border-bottom-left-radius:20px;}}<\/style><div class=\"kb-row-layout-wrap kb-row-layout-id528_420804-38 alignnone has-theme-palette1-background-color kt-row-has-bg wp-block-kadence-rowlayout\"><div class=\"kt-row-column-wrap kt-has-2-columns kt-row-layout-equal kt-tab-layout-inherit kt-mobile-layout-row kt-row-valign-middle kb-theme-content-width\">\n<style>.kadence-column528_427f14-c7 > .kt-inside-inner-col,.kadence-column528_427f14-c7 > .kt-inside-inner-col:before{border-top-left-radius:0px;border-top-right-radius:0px;border-bottom-right-radius:0px;border-bottom-left-radius:0px;}.kadence-column528_427f14-c7 > .kt-inside-inner-col{column-gap:var(--global-kb-gap-sm, 1rem);}.kadence-column528_427f14-c7 > .kt-inside-inner-col{flex-direction:column;}.kadence-column528_427f14-c7 > .kt-inside-inner-col > .aligncenter{width:100%;}.kadence-column528_427f14-c7 > .kt-inside-inner-col:before{opacity:0.3;}.kadence-column528_427f14-c7{position:relative;}@media all and (max-width: 1024px){.kadence-column528_427f14-c7 > .kt-inside-inner-col{flex-direction:column;justify-content:center;}}@media all and (max-width: 767px){.kadence-column528_427f14-c7 > .kt-inside-inner-col{flex-direction:column;justify-content:center;}}<\/style>\n<div class=\"wp-block-kadence-column kadence-column528_427f14-c7 migas-servizos\"><div class=\"kt-inside-inner-col\"><style>.wp-block-kadence-advancedheading.kt-adv-heading528_0eb0cc-a9, .wp-block-kadence-advancedheading.kt-adv-heading528_0eb0cc-a9[data-kb-block=\"kb-adv-heading528_0eb0cc-a9\"]{padding-right:0px;padding-left:0px;margin-bottom:0px;text-align:left;font-size:48px;line-height:60px;font-style:normal;color:#212529;}.wp-block-kadence-advancedheading.kt-adv-heading528_0eb0cc-a9 mark.kt-highlight, .wp-block-kadence-advancedheading.kt-adv-heading528_0eb0cc-a9[data-kb-block=\"kb-adv-heading528_0eb0cc-a9\"] mark.kt-highlight{font-style:normal;color:#f76a0c;-webkit-box-decoration-break:clone;box-decoration-break:clone;padding-top:0px;padding-right:0px;padding-bottom:0px;padding-left:0px;}.wp-block-kadence-advancedheading.kt-adv-heading528_0eb0cc-a9 img.kb-inline-image, .wp-block-kadence-advancedheading.kt-adv-heading528_0eb0cc-a9[data-kb-block=\"kb-adv-heading528_0eb0cc-a9\"] img.kb-inline-image{width:150px;vertical-align:baseline;}@media all and (max-width: 767px){.wp-block-kadence-advancedheading.kt-adv-heading528_0eb0cc-a9, .wp-block-kadence-advancedheading.kt-adv-heading528_0eb0cc-a9[data-kb-block=\"kb-adv-heading528_0eb0cc-a9\"]{padding-right:0px;padding-bottom:var(--global-kb-spacing-xxs, 0.5rem);padding-left:0px;font-size:40px;line-height:40px;}}<\/style>\n<h1 class=\"kt-adv-heading528_0eb0cc-a9 wp-block-kadence-advancedheading\" data-kb-block=\"kb-adv-heading528_0eb0cc-a9\">Subvenciones<\/h1>\n\n\n<style>.wp-block-kadence-advancedheading.kt-adv-heading528_94da23-bc, .wp-block-kadence-advancedheading.kt-adv-heading528_94da23-bc[data-kb-block=\"kb-adv-heading528_94da23-bc\"]{text-align:left;font-style:normal;}.wp-block-kadence-advancedheading.kt-adv-heading528_94da23-bc mark.kt-highlight, .wp-block-kadence-advancedheading.kt-adv-heading528_94da23-bc[data-kb-block=\"kb-adv-heading528_94da23-bc\"] mark.kt-highlight{font-style:normal;color:#f76a0c;-webkit-box-decoration-break:clone;box-decoration-break:clone;padding-top:0px;padding-right:0px;padding-bottom:0px;padding-left:0px;}.wp-block-kadence-advancedheading.kt-adv-heading528_94da23-bc img.kb-inline-image, .wp-block-kadence-advancedheading.kt-adv-heading528_94da23-bc[data-kb-block=\"kb-adv-heading528_94da23-bc\"] img.kb-inline-image{width:150px;vertical-align:baseline;}<\/style>\n<h2 class=\"kt-adv-heading528_94da23-bc wp-block-kadence-advancedheading\" data-kb-block=\"kb-adv-heading528_94da23-bc\">\u00a1SUBVENCIONES A TU ALCANCE!<\/h2>\n\n\n<style>.wp-block-kadence-advancedheading.kt-adv-heading528_2e2d4e-2e, .wp-block-kadence-advancedheading.kt-adv-heading528_2e2d4e-2e[data-kb-block=\"kb-adv-heading528_2e2d4e-2e\"]{text-align:left;font-size:var(--global-kb-font-size-md, 1.25rem);font-style:normal;}.wp-block-kadence-advancedheading.kt-adv-heading528_2e2d4e-2e mark.kt-highlight, .wp-block-kadence-advancedheading.kt-adv-heading528_2e2d4e-2e[data-kb-block=\"kb-adv-heading528_2e2d4e-2e\"] mark.kt-highlight{font-style:normal;color:#f76a0c;-webkit-box-decoration-break:clone;box-decoration-break:clone;padding-top:0px;padding-right:0px;padding-bottom:0px;padding-left:0px;}.wp-block-kadence-advancedheading.kt-adv-heading528_2e2d4e-2e img.kb-inline-image, .wp-block-kadence-advancedheading.kt-adv-heading528_2e2d4e-2e[data-kb-block=\"kb-adv-heading528_2e2d4e-2e\"] img.kb-inline-image{width:150px;vertical-align:baseline;}<\/style>\n<h3 class=\"kt-adv-heading528_2e2d4e-2e wp-block-kadence-advancedheading has-theme-palette-2-color has-text-color\" data-kb-block=\"kb-adv-heading528_2e2d4e-2e\"><strong>\u00a1El acceso a ayudas p\u00fablicas puede marcar la diferencia entre un proyecto estancado y otro que despega!<\/strong><\/h3>\n\n\n<style>.wp-block-kadence-advancedheading.kt-adv-heading528_7c0fad-38, .wp-block-kadence-advancedheading.kt-adv-heading528_7c0fad-38[data-kb-block=\"kb-adv-heading528_7c0fad-38\"]{text-align:left;font-style:normal;}.wp-block-kadence-advancedheading.kt-adv-heading528_7c0fad-38 mark.kt-highlight, .wp-block-kadence-advancedheading.kt-adv-heading528_7c0fad-38[data-kb-block=\"kb-adv-heading528_7c0fad-38\"] mark.kt-highlight{font-style:normal;color:#f76a0c;-webkit-box-decoration-break:clone;box-decoration-break:clone;padding-top:0px;padding-right:0px;padding-bottom:0px;padding-left:0px;}.wp-block-kadence-advancedheading.kt-adv-heading528_7c0fad-38 img.kb-inline-image, .wp-block-kadence-advancedheading.kt-adv-heading528_7c0fad-38[data-kb-block=\"kb-adv-heading528_7c0fad-38\"] img.kb-inline-image{width:150px;vertical-align:baseline;}@media all and (max-width: 767px){.wp-block-kadence-advancedheading.kt-adv-heading528_7c0fad-38, .wp-block-kadence-advancedheading.kt-adv-heading528_7c0fad-38[data-kb-block=\"kb-adv-heading528_7c0fad-38\"]{margin-bottom:10px;}}<\/style>\n<p class=\"kt-adv-heading528_7c0fad-38 wp-block-kadence-advancedheading\" data-kb-block=\"kb-adv-heading528_7c0fad-38\">Para que puedas aprovechar estas oportunidades que oferta la administraci\u00f3n, facilitamos la solicitud, el tr\u00e1mite y la ejecuci\u00f3n de las mismas.<\/p>\n\n\n<style>.kadence-column528_8a5e2c-44 > .kt-inside-inner-col,.kadence-column528_8a5e2c-44 > .kt-inside-inner-col:before{border-top-left-radius:0px;border-top-right-radius:0px;border-bottom-right-radius:0px;border-bottom-left-radius:0px;}.kadence-column528_8a5e2c-44 > .kt-inside-inner-col{column-gap:var(--global-kb-gap-sm, 1rem);}.kadence-column528_8a5e2c-44 > .kt-inside-inner-col{flex-direction:column;}.kadence-column528_8a5e2c-44 > .kt-inside-inner-col > .aligncenter{width:100%;}.kadence-column528_8a5e2c-44 > .kt-inside-inner-col:before{opacity:0.3;}.kadence-column528_8a5e2c-44{position:relative;}@media all and (max-width: 1024px){.kadence-column528_8a5e2c-44 > .kt-inside-inner-col{flex-direction:column;justify-content:center;}}@media all and (max-width: 767px){.kadence-column528_8a5e2c-44 > .kt-inside-inner-col{flex-direction:column;justify-content:center;}}<\/style>\n<div class=\"wp-block-kadence-column kadence-column528_8a5e2c-44 kvs-sm-false\"><div class=\"kt-inside-inner-col\"><style>.wp-block-kadence-advancedbtn.kb-btns528_6aa0c3-c9{gap:var(--global-kb-gap-xs, 0.5rem );justify-content:flex-start;align-items:center;}.kt-btns528_6aa0c3-c9 .kt-button{font-weight:normal;font-style:normal;}.kt-btns528_6aa0c3-c9 .kt-btn-wrap-0{margin-right:5px;}.wp-block-kadence-advancedbtn.kt-btns528_6aa0c3-c9 .kt-btn-wrap-0 .kt-button{color:#555555;border-color:#555555;}.wp-block-kadence-advancedbtn.kt-btns528_6aa0c3-c9 .kt-btn-wrap-0 .kt-button:hover, .wp-block-kadence-advancedbtn.kt-btns528_6aa0c3-c9 .kt-btn-wrap-0 .kt-button:focus{color:#ffffff;border-color:#444444;}.wp-block-kadence-advancedbtn.kt-btns528_6aa0c3-c9 .kt-btn-wrap-0 .kt-button::before{display:none;}.wp-block-kadence-advancedbtn.kt-btns528_6aa0c3-c9 .kt-btn-wrap-0 .kt-button:hover, .wp-block-kadence-advancedbtn.kt-btns528_6aa0c3-c9 .kt-btn-wrap-0 .kt-button:focus{background:#444444;}<\/style>\n<div class=\"wp-block-kadence-advancedbtn kb-buttons-wrap kb-btns528_6aa0c3-c9\"><style>ul.menu .wp-block-kadence-advancedbtn .kb-btn528_413e41-aa.kb-button{width:initial;}.wp-block-kadence-advancedbtn .kb-btn528_413e41-aa.kb-button{color:var(--global-palette3, #1A202C);background:var(--global-palette9, #ffffff);border-top-left-radius:500px;border-top-right-radius:500px;border-bottom-right-radius:500px;border-bottom-left-radius:500px;border-top:3px solid var(--global-palette9, #ffffff);border-right:3px solid var(--global-palette9, #ffffff);border-bottom:3px solid var(--global-palette9, #ffffff);border-left:3px solid var(--global-palette9, #ffffff);padding-top:6px;padding-bottom:3px;padding-left:28px;box-shadow:1px 1px 4px 0px rgba(0, 0, 0, 0.17);}.kb-btn528_413e41-aa.kb-button .kb-svg-icon-wrap{font-size:22px;--kb-button-icon-size:22px;}.wp-block-kadence-advancedbtn .kb-btn528_413e41-aa.kb-button:hover, .wp-block-kadence-advancedbtn .kb-btn528_413e41-aa.kb-button:focus{color:var(--global-palette9, #ffffff);background:var(--global-palette2, #2B6CB0);border-top:3px solid var(--global-palette2, #2B6CB0);border-right:3px solid var(--global-palette2, #2B6CB0);border-bottom:3px solid var(--global-palette2, #2B6CB0);border-left:3px solid var(--global-palette2, #2B6CB0);}@media all and (max-width: 1024px){.wp-block-kadence-advancedbtn .kb-btn528_413e41-aa.kb-button{border-top:3px solid var(--global-palette9, #ffffff);border-right:3px solid var(--global-palette9, #ffffff);border-bottom:3px solid var(--global-palette9, #ffffff);border-left:3px solid var(--global-palette9, #ffffff);}}@media all and (max-width: 1024px){.wp-block-kadence-advancedbtn .kb-btn528_413e41-aa.kb-button:hover, .wp-block-kadence-advancedbtn .kb-btn528_413e41-aa.kb-button:focus{border-top:3px solid var(--global-palette2, #2B6CB0);border-right:3px solid var(--global-palette2, #2B6CB0);border-bottom:3px solid var(--global-palette2, #2B6CB0);border-left:3px solid var(--global-palette2, #2B6CB0);}}@media all and (max-width: 767px){.wp-block-kadence-advancedbtn .kb-btn528_413e41-aa.kb-button{border-top:3px solid var(--global-palette9, #ffffff);border-right:3px solid var(--global-palette9, #ffffff);border-bottom:3px solid var(--global-palette9, #ffffff);border-left:3px solid var(--global-palette9, #ffffff);}.wp-block-kadence-advancedbtn .kb-btn528_413e41-aa.kb-button:hover, .wp-block-kadence-advancedbtn .kb-btn528_413e41-aa.kb-button:focus{border-top:3px solid var(--global-palette2, #2B6CB0);border-right:3px solid var(--global-palette2, #2B6CB0);border-bottom:3px solid var(--global-palette2, #2B6CB0);border-left:3px solid var(--global-palette2, #2B6CB0);}}<\/style><div data-aos=\"fade-right\" data-aos-duration=\"1500\" data-aos-easing=\"ease-in-out-back\" data-aos-delay=\"50\" data-aos-once=\"true\" class=\"kb-blocks-button-aos kb-btn-width-type-auto\"><a class=\"kb-button kt-button button kb-btn528_413e41-aa kt-btn-size-large kt-btn-width-type-auto kb-btn-global-fill  kt-btn-has-text-true kt-btn-has-svg-true icon-reveal wp-block-kadence-singlebtn\" href=\"https:\/\/asesoriaxesta.com\/contacto\/\"><span class=\"kt-btn-inner-text\">\u00bfHABLAMOS?<\/span><span class=\"kb-svg-icon-wrap kb-svg-icon-fe_messageCircle kt-btn-icon-side-right\"><svg viewBox=\"0 0 24 24\"  fill=\"none\" stroke=\"currentColor\" stroke-width=\"2\" stroke-linecap=\"round\" stroke-linejoin=\"round\" xmlns=\"http:\/\/www.w3.org\/2000\/svg\"  aria-hidden=\"true\"><path d=\"M21 11.5a8.38 8.38 0 0 1-.9 3.8 8.5 8.5 0 0 1-7.6 4.7 8.38 8.38 0 0 1-3.8-.9L3 21l1.9-5.7a8.38 8.38 0 0 1-.9-3.8 8.5 8.5 0 0 1 4.7-7.6 8.38 8.38 0 0 1 3.8-.9h.5a8.48 8.48 0 0 1 8 8v.5z\"\/><\/svg><\/span><\/a><\/div><\/div>\n<\/div><\/div>\n\n\n<style>.kadence-column528_d349b3-86 > .kt-inside-inner-col,.kadence-column528_d349b3-86 > .kt-inside-inner-col:before{border-top-left-radius:0px;border-top-right-radius:0px;border-bottom-right-radius:0px;border-bottom-left-radius:0px;}.kadence-column528_d349b3-86 > .kt-inside-inner-col{column-gap:var(--global-kb-gap-sm, 1rem);}.kadence-column528_d349b3-86 > .kt-inside-inner-col{flex-direction:column;}.kadence-column528_d349b3-86 > .kt-inside-inner-col > .aligncenter{width:100%;}.kadence-column528_d349b3-86 > .kt-inside-inner-col:before{opacity:0.3;}.kadence-column528_d349b3-86{position:relative;}@media all and (max-width: 1024px){.kadence-column528_d349b3-86 > .kt-inside-inner-col{flex-direction:column;justify-content:center;}}@media all and (max-width: 767px){.kadence-column528_d349b3-86 > .kt-inside-inner-col{flex-direction:column;justify-content:center;}.kadence-column528_d349b3-86, .kt-inside-inner-col > .kadence-column528_d349b3-86:not(.specificity){margin-top:-10px;}}<\/style>\n<div class=\"wp-block-kadence-column kadence-column528_d349b3-86\"><div class=\"kt-inside-inner-col\"><style>.kadence-column528_bba771-c4 > .kt-inside-inner-col,.kadence-column528_bba771-c4 > .kt-inside-inner-col:before{border-top-left-radius:0px;border-top-right-radius:0px;border-bottom-right-radius:0px;border-bottom-left-radius:0px;}.kadence-column528_bba771-c4 > .kt-inside-inner-col{column-gap:var(--global-kb-gap-sm, 1rem);}.kadence-column528_bba771-c4 > .kt-inside-inner-col{flex-direction:column;}.kadence-column528_bba771-c4 > .kt-inside-inner-col > .aligncenter{width:100%;}.kadence-column528_bba771-c4 > .kt-inside-inner-col:before{opacity:0.3;}.kadence-column528_bba771-c4{position:relative;}@media all and (max-width: 1024px){.kadence-column528_bba771-c4 > .kt-inside-inner-col{flex-direction:column;justify-content:center;}}@media all and (max-width: 767px){.kadence-column528_bba771-c4 > .kt-inside-inner-col{flex-direction:column;justify-content:center;}}<\/style>\n<div class=\"wp-block-kadence-column kadence-column528_bba771-c4 kvs-lg-false kvs-md-false\"><div class=\"kt-inside-inner-col\"><style>.wp-block-kadence-advancedbtn.kb-btns528_9f7840-3a{gap:var(--global-kb-gap-xs, 0.5rem );justify-content:center;align-items:center;}.kt-btns528_9f7840-3a .kt-button{font-weight:normal;font-style:normal;}.kt-btns528_9f7840-3a .kt-btn-wrap-0{margin-right:5px;}.wp-block-kadence-advancedbtn.kt-btns528_9f7840-3a .kt-btn-wrap-0 .kt-button{color:#555555;border-color:#555555;}.wp-block-kadence-advancedbtn.kt-btns528_9f7840-3a .kt-btn-wrap-0 .kt-button:hover, .wp-block-kadence-advancedbtn.kt-btns528_9f7840-3a .kt-btn-wrap-0 .kt-button:focus{color:#ffffff;border-color:#444444;}.wp-block-kadence-advancedbtn.kt-btns528_9f7840-3a .kt-btn-wrap-0 .kt-button::before{display:none;}.wp-block-kadence-advancedbtn.kt-btns528_9f7840-3a .kt-btn-wrap-0 .kt-button:hover, .wp-block-kadence-advancedbtn.kt-btns528_9f7840-3a .kt-btn-wrap-0 .kt-button:focus{background:#444444;}<\/style>\n<div class=\"wp-block-kadence-advancedbtn kb-buttons-wrap kb-btns528_9f7840-3a\"><style>ul.menu .wp-block-kadence-advancedbtn .kb-btn528_16d184-46.kb-button{width:initial;}.wp-block-kadence-advancedbtn .kb-btn528_16d184-46.kb-button{color:var(--global-palette3, #1A202C);background:var(--global-palette9, #ffffff);border-top-left-radius:500px;border-top-right-radius:500px;border-bottom-right-radius:500px;border-bottom-left-radius:500px;border-top:3px solid var(--global-palette9, #ffffff);border-right:3px solid var(--global-palette9, #ffffff);border-bottom:3px solid var(--global-palette9, #ffffff);border-left:3px solid var(--global-palette9, #ffffff);padding-top:6px;padding-bottom:3px;box-shadow:1px 1px 4px 0px rgba(0, 0, 0, 0.17);}.kb-btn528_16d184-46.kb-button .kb-svg-icon-wrap{font-size:22px;--kb-button-icon-size:22px;}.wp-block-kadence-advancedbtn .kb-btn528_16d184-46.kb-button:hover, .wp-block-kadence-advancedbtn .kb-btn528_16d184-46.kb-button:focus{color:var(--global-palette9, #ffffff);background:var(--global-palette2, #2B6CB0);border-top:3px solid var(--global-palette2, #2B6CB0);border-right:3px solid var(--global-palette2, #2B6CB0);border-bottom:3px solid var(--global-palette2, #2B6CB0);border-left:3px solid var(--global-palette2, #2B6CB0);}@media all and (max-width: 1024px){.wp-block-kadence-advancedbtn .kb-btn528_16d184-46.kb-button{border-top:3px solid var(--global-palette9, #ffffff);border-right:3px solid var(--global-palette9, #ffffff);border-bottom:3px solid var(--global-palette9, #ffffff);border-left:3px solid var(--global-palette9, #ffffff);}}@media all and (max-width: 1024px){.wp-block-kadence-advancedbtn .kb-btn528_16d184-46.kb-button:hover, .wp-block-kadence-advancedbtn .kb-btn528_16d184-46.kb-button:focus{border-top:3px solid var(--global-palette2, #2B6CB0);border-right:3px solid var(--global-palette2, #2B6CB0);border-bottom:3px solid var(--global-palette2, #2B6CB0);border-left:3px solid var(--global-palette2, #2B6CB0);}}@media all and (max-width: 767px){.wp-block-kadence-advancedbtn .kb-btn528_16d184-46.kb-button{border-top:3px solid var(--global-palette9, #ffffff);border-right:3px solid var(--global-palette9, #ffffff);border-bottom:3px solid var(--global-palette9, #ffffff);border-left:3px solid var(--global-palette9, #ffffff);}.wp-block-kadence-advancedbtn .kb-btn528_16d184-46.kb-button:hover, .wp-block-kadence-advancedbtn .kb-btn528_16d184-46.kb-button:focus{border-top:3px solid var(--global-palette2, #2B6CB0);border-right:3px solid var(--global-palette2, #2B6CB0);border-bottom:3px solid var(--global-palette2, #2B6CB0);border-left:3px solid var(--global-palette2, #2B6CB0);}}<\/style><div data-aos=\"fade-right\" data-aos-duration=\"1500\" data-aos-easing=\"ease-in-out-back\" data-aos-once=\"true\" class=\"kb-blocks-button-aos kb-btn-width-type-full\"><a class=\"kb-button kt-button button kb-btn528_16d184-46 kt-btn-size-standard kt-btn-width-type-full kb-btn-global-fill  kt-btn-has-text-true kt-btn-has-svg-true icon-reveal wp-block-kadence-singlebtn\" href=\"https:\/\/asesoriaxesta.com\/contacto\/\"><span class=\"kt-btn-inner-text\">\u00bfHABLAMOS?<\/span><span class=\"kb-svg-icon-wrap kb-svg-icon-fe_messageCircle kt-btn-icon-side-right\"><svg viewBox=\"0 0 24 24\"  fill=\"none\" stroke=\"currentColor\" stroke-width=\"2\" stroke-linecap=\"round\" stroke-linejoin=\"round\" xmlns=\"http:\/\/www.w3.org\/2000\/svg\"  aria-hidden=\"true\"><path d=\"M21 11.5a8.38 8.38 0 0 1-.9 3.8 8.5 8.5 0 0 1-7.6 4.7 8.38 8.38 0 0 1-3.8-.9L3 21l1.9-5.7a8.38 8.38 0 0 1-.9-3.8 8.5 8.5 0 0 1 4.7-7.6 8.38 8.38 0 0 1 3.8-.9h.5a8.48 8.48 0 0 1 8 8v.5z\"\/><\/svg><\/span><\/a><\/div><\/div>\n<\/div><\/div>\n<\/div><\/div>\n<\/div><\/div>\n\n\n<style>.kadence-column528_31849c-db > .kt-inside-inner-col,.kadence-column528_31849c-db > .kt-inside-inner-col:before{border-top-left-radius:0px;border-top-right-radius:0px;border-bottom-right-radius:0px;border-bottom-left-radius:0px;}.kadence-column528_31849c-db > .kt-inside-inner-col{column-gap:var(--global-kb-gap-sm, 1rem);}.kadence-column528_31849c-db > .kt-inside-inner-col{flex-direction:column;}.kadence-column528_31849c-db > .kt-inside-inner-col > .aligncenter{width:100%;}.kadence-column528_31849c-db > .kt-inside-inner-col:before{opacity:0.3;}.kadence-column528_31849c-db{position:relative;}@media all and (max-width: 1024px){.kadence-column528_31849c-db > .kt-inside-inner-col{flex-direction:column;justify-content:center;}}@media all and (max-width: 767px){.kadence-column528_31849c-db > .kt-inside-inner-col{flex-direction:column;justify-content:center;}}<\/style>\n<div class=\"wp-block-kadence-column kadence-column528_31849c-db\"><div class=\"kt-inside-inner-col\"><style>.kb-image528_f9e7c7-c9.kb-image-is-ratio-size, .kb-image528_f9e7c7-c9 .kb-image-is-ratio-size{max-width:700px;width:100%;}.wp-block-kadence-column > .kt-inside-inner-col > .kb-image528_f9e7c7-c9.kb-image-is-ratio-size, .wp-block-kadence-column > .kt-inside-inner-col > .kb-image528_f9e7c7-c9 .kb-image-is-ratio-size{align-self:unset;}.kb-image528_f9e7c7-c9{max-width:700px;}.image-is-svg.kb-image528_f9e7c7-c9{-webkit-flex:0 1 100%;flex:0 1 100%;}.image-is-svg.kb-image528_f9e7c7-c9 img{width:100%;}.kb-image528_f9e7c7-c9 .kb-image-has-overlay:after{opacity:0.3;border-top-left-radius:20px;border-top-right-radius:20px;border-bottom-right-radius:20px;border-bottom-left-radius:20px;}.kb-image528_f9e7c7-c9 img.kb-img, .kb-image528_f9e7c7-c9 .kb-img img{border-top-left-radius:20px;border-top-right-radius:20px;border-bottom-right-radius:20px;border-bottom-left-radius:20px;-webkit-mask-image:url(https:\/\/asesoriaxesta.com\/wp-content\/plugins\/kadence-blocks\/includes\/assets\/images\/masks\/blob3.svg);mask-image:url(https:\/\/asesoriaxesta.com\/wp-content\/plugins\/kadence-blocks\/includes\/assets\/images\/masks\/blob3.svg);-webkit-mask-size:auto;mask-size:auto;-webkit-mask-repeat:no-repeat;mask-repeat:no-repeat;-webkit-mask-position:center;mask-position:center;object-position:76% 48%;}<\/style>\n<figure class=\"wp-block-kadence-image kb-image528_f9e7c7-c9 size-large kb-image-is-ratio-size\"><div class=\"kb-is-ratio-image kb-image-ratio-land43\"><img loading=\"lazy\" decoding=\"async\" width=\"1024\" height=\"683\" src=\"http:\/\/asesoriaxesta.com\/wp-content\/uploads\/2025\/08\/WEB_xesta_2-1024x683.webp\" alt=\"Web xesta 2\" class=\"kb-img wp-image-529\" srcset=\"https:\/\/asesoriaxesta.com\/wp-content\/uploads\/2025\/08\/WEB_xesta_2-1024x683.webp 1024w, https:\/\/asesoriaxesta.com\/wp-content\/uploads\/2025\/08\/WEB_xesta_2-600x400.webp 600w, https:\/\/asesoriaxesta.com\/wp-content\/uploads\/2025\/08\/WEB_xesta_2-300x200.webp 300w, https:\/\/asesoriaxesta.com\/wp-content\/uploads\/2025\/08\/WEB_xesta_2.webp 1620w\" sizes=\"auto, (max-width: 1024px) 100vw, 1024px\" \/><\/div><\/figure>\n<\/div><\/div>\n\n<\/div><\/div>","protected":false},"excerpt":{"rendered":"<p>Subvenciones \u00a1SUBVENCIONES A TU ALCANCE! \u00a1El acceso a ayudas p\u00fablicas puede marcar la diferencia entre un proyecto estancado y otro que despega! Para que puedas aprovechar estas oportunidades que oferta la administraci\u00f3n, facilitamos la solicitud, el tr\u00e1mite y la ejecuci\u00f3n de las mismas.<\/p>\n","protected":false},"author":1,"featured_media":0,"parent":1870,"menu_order":0,"comment_status":"closed","ping_status":"closed","template":"","meta":{"_acf_changed":false,"_kad_blocks_custom_css":"","_kad_blocks_head_custom_js":"","_kad_blocks_body_custom_js":"","_kad_blocks_footer_custom_js":"","_kad_post_transparent":"","_kad_post_title":"","_kad_post_layout":"","_kad_post_sidebar_id":"","_kad_post_content_style":"","_kad_post_vertical_padding":"","_kad_post_feature":"","_kad_post_feature_position":"","_kad_post_header":false,"_kad_post_footer":false,"_kad_post_classname":"","slim_seo":{"title":"Subvenciones - Asesor\u00eda Xesta","description":""},"footnotes":""},"class_list":["post-1842","page","type-page","status-publish","hentry"],"acf":[],"taxonomy_info":[],"featured_image_src_large":false,"author_info":{"display_name":"Sara","author_link":"https:\/\/asesoriaxesta.com\/es\/author\/sara\/"},"comment_info":0,"_links":{"self":[{"href":"https:\/\/asesoriaxesta.com\/es\/wp-json\/wp\/v2\/pages\/1842","targetHints":{"allow":["GET"]}}],"collection":[{"href":"https:\/\/asesoriaxesta.com\/es\/wp-json\/wp\/v2\/pages"}],"about":[{"href":"https:\/\/asesoriaxesta.com\/es\/wp-json\/wp\/v2\/types\/page"}],"author":[{"embeddable":true,"href":"https:\/\/asesoriaxesta.com\/es\/wp-json\/wp\/v2\/users\/1"}],"replies":[{"embeddable":true,"href":"https:\/\/asesoriaxesta.com\/es\/wp-json\/wp\/v2\/comments?post=1842"}],"version-history":[{"count":5,"href":"https:\/\/asesoriaxesta.com\/es\/wp-json\/wp\/v2\/pages\/1842\/revisions"}],"predecessor-version":[{"id":1967,"href":"https:\/\/asesoriaxesta.com\/es\/wp-json\/wp\/v2\/pages\/1842\/revisions\/1967"}],"up":[{"embeddable":true,"href":"https:\/\/asesoriaxesta.com\/es\/wp-json\/wp\/v2\/pages\/1870"}],"wp:attachment":[{"href":"https:\/\/asesoriaxesta.com\/es\/wp-json\/wp\/v2\/media?parent=1842"}],"curies":[{"name":"wp","href":"https:\/\/api.w.org\/{rel}","templated":true}]}}