{"id":1876,"date":"2025-07-14T19:55:41","date_gmt":"2025-07-14T17:55:41","guid":{"rendered":"https:\/\/asesoriaxesta.com\/area-interna\/"},"modified":"2026-02-20T10:37:37","modified_gmt":"2026-02-20T09:37:37","slug":"area-interna","status":"publish","type":"page","link":"https:\/\/asesoriaxesta.com\/es\/area-interna\/","title":{"rendered":"\u00c1rea Interna"},"content":{"rendered":"<style>.kb-row-layout-id32_8d9356-fd > .kt-row-column-wrap{align-content:center;}:where(.kb-row-layout-id32_8d9356-fd > .kt-row-column-wrap) > .wp-block-kadence-column{justify-content:center;}.kb-row-layout-id32_8d9356-fd > .kt-row-column-wrap{column-gap:var(--global-kb-gap-md, 2rem);row-gap:var(--global-kb-gap-md, 2rem);max-width:var( --global-content-width, 1450px );padding-left:var(--global-content-edge-padding);padding-right:var(--global-content-edge-padding);padding-top:var(--global-kb-spacing-xl, 4rem);padding-bottom:var(--global-kb-spacing-lg, 3rem);padding-left:var(--global-kb-spacing-xl, 4rem);min-height:15vh;grid-template-columns:minmax(0, calc(70% - ((var(--global-kb-gap-md, 2rem) * 1 )\/2)))minmax(0, calc(30% - ((var(--global-kb-gap-md, 2rem) * 1 )\/2)));}.kb-row-layout-id32_8d9356-fd{border-top-left-radius:40px;border-top-right-radius:40px;border-bottom-right-radius:40px;border-bottom-left-radius:40px;overflow:clip;isolation:isolate;}.kb-row-layout-id32_8d9356-fd > .kt-row-layout-overlay{border-top-left-radius:40px;border-top-right-radius:40px;border-bottom-right-radius:40px;border-bottom-left-radius:40px;}.kb-row-layout-id32_8d9356-fd{border-top:0px solid var(--global-palette1, #3182CE);border-right:0px solid var(--global-palette1, #3182CE);border-bottom:0px solid var(--global-palette1, #3182CE);border-left:0px solid var(--global-palette1, #3182CE);}.kb-row-layout-id32_8d9356-fd > .kt-row-layout-overlay{opacity:0.30;}@media all and (max-width: 1024px){.kb-row-layout-id32_8d9356-fd > .kt-row-column-wrap{grid-template-columns:repeat(2, minmax(0, 1fr));}}@media all and (max-width: 1024px){.kb-row-layout-id32_8d9356-fd{border-top:0px solid var(--global-palette1, #3182CE);border-right:0px solid var(--global-palette1, #3182CE);border-bottom:0px solid var(--global-palette1, #3182CE);border-left:0px solid var(--global-palette1, #3182CE);}}@media all and (max-width: 767px){.kb-row-layout-id32_8d9356-fd > .kt-row-column-wrap{row-gap:var(--global-kb-gap-none, 0rem );padding-top:var(--global-kb-spacing-sm, 1.5rem);padding-right:var(--global-kb-spacing-sm, 1.5rem);padding-bottom:var(--global-kb-spacing-sm, 1.5rem);padding-left:var(--global-kb-spacing-md, 2rem);grid-template-columns:minmax(0, 1fr);}.kb-row-layout-id32_8d9356-fd{border-top-left-radius:20px;border-top-right-radius:20px;border-bottom-right-radius:20px;border-bottom-left-radius:20px;border-top:0px solid var(--global-palette1, #3182CE);border-right:0px solid var(--global-palette1, #3182CE);border-bottom:0px solid var(--global-palette1, #3182CE);border-left:0px solid var(--global-palette1, #3182CE);}.kb-row-layout-id32_8d9356-fd > .kt-row-layout-overlay{border-top-left-radius:20px;border-top-right-radius:20px;border-bottom-right-radius:20px;border-bottom-left-radius:20px;}}<\/style><div class=\"kb-row-layout-wrap kb-row-layout-id32_8d9356-fd alignnone has-theme-palette1-background-color kt-row-has-bg wp-block-kadence-rowlayout\"><div class=\"kt-row-column-wrap kt-has-2-columns kt-row-layout-equal kt-tab-layout-inherit kt-mobile-layout-row kt-row-valign-middle kb-theme-content-width\">\n<style>.kadence-column32_8384fa-b4 > .kt-inside-inner-col,.kadence-column32_8384fa-b4 > .kt-inside-inner-col:before{border-top-left-radius:0px;border-top-right-radius:0px;border-bottom-right-radius:0px;border-bottom-left-radius:0px;}.kadence-column32_8384fa-b4 > .kt-inside-inner-col{column-gap:var(--global-kb-gap-sm, 1rem);}.kadence-column32_8384fa-b4 > .kt-inside-inner-col{flex-direction:column;}.kadence-column32_8384fa-b4 > .kt-inside-inner-col > .aligncenter{width:100%;}.kadence-column32_8384fa-b4 > .kt-inside-inner-col:before{opacity:0.3;}.kadence-column32_8384fa-b4{position:relative;}@media all and (max-width: 1024px){.kadence-column32_8384fa-b4 > .kt-inside-inner-col{flex-direction:column;justify-content:center;}}@media all and (max-width: 767px){.kadence-column32_8384fa-b4 > .kt-inside-inner-col{flex-direction:column;justify-content:center;}}<\/style>\n<div class=\"wp-block-kadence-column kadence-column32_8384fa-b4 migas-servizos\"><div class=\"kt-inside-inner-col\"><style>.wp-block-kadence-advancedheading.kt-adv-heading32_b1f823-a7, .wp-block-kadence-advancedheading.kt-adv-heading32_b1f823-a7[data-kb-block=\"kb-adv-heading32_b1f823-a7\"]{padding-right:0px;padding-left:0px;margin-bottom:0px;text-align:left;font-size:48px;line-height:60px;font-style:normal;color:#212529;}.wp-block-kadence-advancedheading.kt-adv-heading32_b1f823-a7 mark.kt-highlight, .wp-block-kadence-advancedheading.kt-adv-heading32_b1f823-a7[data-kb-block=\"kb-adv-heading32_b1f823-a7\"] mark.kt-highlight{font-style:normal;color:#f76a0c;-webkit-box-decoration-break:clone;box-decoration-break:clone;padding-top:0px;padding-right:0px;padding-bottom:0px;padding-left:0px;}.wp-block-kadence-advancedheading.kt-adv-heading32_b1f823-a7 img.kb-inline-image, .wp-block-kadence-advancedheading.kt-adv-heading32_b1f823-a7[data-kb-block=\"kb-adv-heading32_b1f823-a7\"] img.kb-inline-image{width:150px;vertical-align:baseline;}@media all and (max-width: 767px){.wp-block-kadence-advancedheading.kt-adv-heading32_b1f823-a7, .wp-block-kadence-advancedheading.kt-adv-heading32_b1f823-a7[data-kb-block=\"kb-adv-heading32_b1f823-a7\"]{padding-right:0px;padding-bottom:var(--global-kb-spacing-xs, 1rem);padding-left:0px;font-size:40px;line-height:40px;}}<\/style>\n<h1 class=\"kt-adv-heading32_b1f823-a7 wp-block-kadence-advancedheading\" data-kb-block=\"kb-adv-heading32_b1f823-a7\">Bienvenid@ al \u00e1rea interna de Xesta<\/h1>\n\n\n<style>.wp-block-kadence-advancedheading.kt-adv-heading32_902a9b-74, .wp-block-kadence-advancedheading.kt-adv-heading32_902a9b-74[data-kb-block=\"kb-adv-heading32_902a9b-74\"]{text-align:left;font-style:normal;}.wp-block-kadence-advancedheading.kt-adv-heading32_902a9b-74 mark.kt-highlight, .wp-block-kadence-advancedheading.kt-adv-heading32_902a9b-74[data-kb-block=\"kb-adv-heading32_902a9b-74\"] mark.kt-highlight{font-style:normal;color:#f76a0c;-webkit-box-decoration-break:clone;box-decoration-break:clone;padding-top:0px;padding-right:0px;padding-bottom:0px;padding-left:0px;}.wp-block-kadence-advancedheading.kt-adv-heading32_902a9b-74 img.kb-inline-image, .wp-block-kadence-advancedheading.kt-adv-heading32_902a9b-74[data-kb-block=\"kb-adv-heading32_902a9b-74\"] img.kb-inline-image{width:150px;vertical-align:baseline;}@media all and (max-width: 767px){.wp-block-kadence-advancedheading.kt-adv-heading32_902a9b-74, .wp-block-kadence-advancedheading.kt-adv-heading32_902a9b-74[data-kb-block=\"kb-adv-heading32_902a9b-74\"]{margin-bottom:10px;}}<\/style>\n<p class=\"kt-adv-heading32_902a9b-74 wp-block-kadence-advancedheading\" data-kb-block=\"kb-adv-heading32_902a9b-74\">Este es tu rinc\u00f3n en Xesta. Un espacio para cuidar de la parte que no se ve, pero que sostiene su proyecto: la contabilidad, los impuestos y el d\u00eda a d\u00eda como persona emprendedora.<\/p>\n<\/div><\/div>\n\n\n<style>.kadence-column32_7a8126-3e > .kt-inside-inner-col,.kadence-column32_7a8126-3e > .kt-inside-inner-col:before{border-top-left-radius:0px;border-top-right-radius:0px;border-bottom-right-radius:0px;border-bottom-left-radius:0px;}.kadence-column32_7a8126-3e > .kt-inside-inner-col{column-gap:var(--global-kb-gap-sm, 1rem);}.kadence-column32_7a8126-3e > .kt-inside-inner-col{flex-direction:column;}.kadence-column32_7a8126-3e > .kt-inside-inner-col > .aligncenter{width:100%;}.kadence-column32_7a8126-3e > .kt-inside-inner-col:before{opacity:0.3;}.kadence-column32_7a8126-3e{position:relative;}@media all and (max-width: 1024px){.kadence-column32_7a8126-3e > .kt-inside-inner-col{flex-direction:column;justify-content:center;}}@media all and (max-width: 767px){.kadence-column32_7a8126-3e > .kt-inside-inner-col{flex-direction:column;justify-content:center;}}<\/style>\n<div class=\"wp-block-kadence-column kadence-column32_7a8126-3e\"><div class=\"kt-inside-inner-col\"><style>.kb-image32_442345-a8.kb-image-is-ratio-size, .kb-image32_442345-a8 .kb-image-is-ratio-size{max-width:200px;width:100%;}.wp-block-kadence-column > .kt-inside-inner-col > .kb-image32_442345-a8.kb-image-is-ratio-size, .wp-block-kadence-column > .kt-inside-inner-col > .kb-image32_442345-a8 .kb-image-is-ratio-size{align-self:unset;}.kb-image32_442345-a8 figure{max-width:200px;}.kb-image32_442345-a8 .image-is-svg, .kb-image32_442345-a8 .image-is-svg img{width:100%;}.kb-image32_442345-a8 .kb-image-has-overlay:after{opacity:0.3;}@media all and (max-width: 767px){.kb-image32_442345-a8.kb-image-is-ratio-size, .kb-image32_442345-a8 .kb-image-is-ratio-size{max-width:100px;width:100%;}.kb-image32_442345-a8 figure{max-width:100px;}}<\/style>\n<div class=\"wp-block-kadence-image kb-image32_442345-a8\"><figure class=\"aligncenter size-full\"><img loading=\"lazy\" decoding=\"async\" width=\"512\" height=\"512\" src=\"http:\/\/asesoriaxesta.com\/wp-content\/uploads\/2025\/07\/cropped-favicon-xesta.webp\" alt=\"Cropped favicon xesta.webp\" class=\"kb-img wp-image-39\" srcset=\"https:\/\/asesoriaxesta.com\/wp-content\/uploads\/2025\/07\/cropped-favicon-xesta.webp 512w, https:\/\/asesoriaxesta.com\/wp-content\/uploads\/2025\/07\/cropped-favicon-xesta-300x300.webp 300w, https:\/\/asesoriaxesta.com\/wp-content\/uploads\/2025\/07\/cropped-favicon-xesta-150x150.webp 150w, https:\/\/asesoriaxesta.com\/wp-content\/uploads\/2025\/07\/cropped-favicon-xesta-270x270.webp 270w, https:\/\/asesoriaxesta.com\/wp-content\/uploads\/2025\/07\/cropped-favicon-xesta-192x192.webp 192w, https:\/\/asesoriaxesta.com\/wp-content\/uploads\/2025\/07\/cropped-favicon-xesta-180x180.webp 180w, https:\/\/asesoriaxesta.com\/wp-content\/uploads\/2025\/07\/cropped-favicon-xesta-32x32.webp 32w\" sizes=\"auto, (max-width: 512px) 100vw, 512px\" \/><\/figure><\/div>\n<\/div><\/div>\n\n<\/div><\/div><style>.kb-row-layout-id32_ac3042-73 > .kt-row-column-wrap{align-content:center;}:where(.kb-row-layout-id32_ac3042-73 > .kt-row-column-wrap) > .wp-block-kadence-column{justify-content:center;}.kb-row-layout-id32_ac3042-73 > .kt-row-column-wrap{column-gap:var(--global-kb-gap-md, 2rem);row-gap:var(--global-kb-gap-md, 2rem);max-width:1000px;margin-left:auto;margin-right:auto;padding-top:var(--global-kb-spacing-xxl, 5rem);padding-bottom:var(--global-kb-spacing-xxl, 5rem);grid-template-columns:minmax(0, 1fr);}.kb-row-layout-id32_ac3042-73 > .kt-row-layout-overlay{opacity:0.30;}@media all and (max-width: 1024px){.kb-row-layout-id32_ac3042-73 > .kt-row-column-wrap{grid-template-columns:minmax(0, 1fr);}}@media all and (max-width: 767px){.kb-row-layout-id32_ac3042-73 > .kt-row-column-wrap{padding-top:var(--global-kb-spacing-lg, 3rem);padding-right:var(--global-kb-spacing-sm, 1.5rem);padding-bottom:var(--global-kb-spacing-lg, 3rem);padding-left:var(--global-kb-spacing-sm, 1.5rem);grid-template-columns:minmax(0, 1fr);}}<\/style><div class=\"kb-row-layout-wrap kb-row-layout-id32_ac3042-73 alignnone has-theme-palette9-background-color kt-row-has-bg wp-block-kadence-rowlayout\"><div class=\"kt-row-column-wrap kt-has-1-columns kt-row-layout-equal kt-tab-layout-inherit kt-mobile-layout-row kt-row-valign-middle\">\n<style>.kadence-column32_a2446d-65 > .kt-inside-inner-col,.kadence-column32_a2446d-65 > .kt-inside-inner-col:before{border-top-left-radius:0px;border-top-right-radius:0px;border-bottom-right-radius:0px;border-bottom-left-radius:0px;}.kadence-column32_a2446d-65 > .kt-inside-inner-col{column-gap:var(--global-kb-gap-sm, 1rem);}.kadence-column32_a2446d-65 > .kt-inside-inner-col{flex-direction:column;}.kadence-column32_a2446d-65 > .kt-inside-inner-col > .aligncenter{width:100%;}.kadence-column32_a2446d-65 > .kt-inside-inner-col:before{opacity:0.3;}.kadence-column32_a2446d-65{position:relative;}@media all and (max-width: 1024px){.kadence-column32_a2446d-65 > .kt-inside-inner-col{flex-direction:column;justify-content:center;}}@media all and (max-width: 767px){.kadence-column32_a2446d-65 > .kt-inside-inner-col{flex-direction:column;justify-content:center;}}<\/style>\n<div class=\"wp-block-kadence-column kadence-column32_a2446d-65\"><div class=\"kt-inside-inner-col\"><style>.wp-block-kadence-advancedheading.kt-adv-heading32_89a858-32, .wp-block-kadence-advancedheading.kt-adv-heading32_89a858-32[data-kb-block=\"kb-adv-heading32_89a858-32\"]{text-align:center;font-size:var(--global-kb-font-size-md, 1.25rem);font-style:normal;}.wp-block-kadence-advancedheading.kt-adv-heading32_89a858-32 mark.kt-highlight, .wp-block-kadence-advancedheading.kt-adv-heading32_89a858-32[data-kb-block=\"kb-adv-heading32_89a858-32\"] mark.kt-highlight{font-style:normal;color:#f76a0c;-webkit-box-decoration-break:clone;box-decoration-break:clone;padding-top:0px;padding-right:0px;padding-bottom:0px;padding-left:0px;}.wp-block-kadence-advancedheading.kt-adv-heading32_89a858-32 img.kb-inline-image, .wp-block-kadence-advancedheading.kt-adv-heading32_89a858-32[data-kb-block=\"kb-adv-heading32_89a858-32\"] img.kb-inline-image{width:150px;vertical-align:baseline;}<\/style>\n<p class=\"kt-adv-heading32_89a858-32 wp-block-kadence-advancedheading\" data-kb-block=\"kb-adv-heading32_89a858-32\">Esta \u00e1rea est\u00e1 pensada para las personas que ya forman parte de la familia Xesta. Aqu\u00ed es donde acompa\u00f1amos de cerca el d\u00eda a d\u00eda de nuestros clientes, cuidando de su contabilidad, impuestos y tr\u00e1mites. Si a\u00fan no trabajamos juntos, puedes contactar con nosotros y conocer mejor c\u00f3mo funciona Xesta. Y si tienes acceso porque compraste alguna de nuestras formaciones, tambi\u00e9n puedes entrar desde aqu\u00ed para ver su contenido. <\/p>\n\n\n<style>.wp-block-kadence-advancedbtn.kt-btns32_c01f0d-75, .site .entry-content .wp-block-kadence-advancedbtn.kt-btns32_c01f0d-75, .wp-block-kadence-advancedbtn.kb-btns32_c01f0d-75, .site .entry-content .wp-block-kadence-advancedbtn.kb-btns32_c01f0d-75{margin-top:var(--global-kb-spacing-xs, 1rem);}.wp-block-kadence-advancedbtn.kb-btns32_c01f0d-75{gap:var(--global-kb-gap-xs, 0.5rem );justify-content:center;align-items:center;}.kt-btns32_c01f0d-75 .kt-button{font-weight:normal;font-style:normal;}.kt-btns32_c01f0d-75 .kt-btn-wrap-0{margin-right:5px;}.wp-block-kadence-advancedbtn.kt-btns32_c01f0d-75 .kt-btn-wrap-0 .kt-button{color:#555555;border-color:#555555;}.wp-block-kadence-advancedbtn.kt-btns32_c01f0d-75 .kt-btn-wrap-0 .kt-button:hover, .wp-block-kadence-advancedbtn.kt-btns32_c01f0d-75 .kt-btn-wrap-0 .kt-button:focus{color:#ffffff;border-color:#444444;}.wp-block-kadence-advancedbtn.kt-btns32_c01f0d-75 .kt-btn-wrap-0 .kt-button::before{display:none;}.wp-block-kadence-advancedbtn.kt-btns32_c01f0d-75 .kt-btn-wrap-0 .kt-button:hover, .wp-block-kadence-advancedbtn.kt-btns32_c01f0d-75 .kt-btn-wrap-0 .kt-button:focus{background:#444444;}<\/style>\n<div class=\"wp-block-kadence-advancedbtn kb-buttons-wrap kb-btns32_c01f0d-75\"><style>ul.menu .wp-block-kadence-advancedbtn .kb-btn32_a812c3-79.kb-button{width:initial;}.wp-block-kadence-advancedbtn .kb-btn32_a812c3-79.kb-button{color:var(--global-palette3, #1A202C);background:var(--global-palette1, #3182CE);border-top-left-radius:500px;border-top-right-radius:500px;border-bottom-right-radius:500px;border-bottom-left-radius:500px;border-top:3px solid var(--global-palette1, #3182CE);border-right:3px solid var(--global-palette1, #3182CE);border-bottom:3px solid var(--global-palette1, #3182CE);border-left:3px solid var(--global-palette1, #3182CE);padding-top:6px;padding-bottom:3px;}.wp-block-kadence-advancedbtn .kb-btn32_a812c3-79.kb-button:hover, .wp-block-kadence-advancedbtn .kb-btn32_a812c3-79.kb-button:focus{color:var(--global-palette9, #ffffff);background:var(--global-palette1, #3182CE);border-top:3px solid;border-right:3px solid;border-bottom:3px solid;border-left:3px solid;}@media all and (max-width: 1024px){.wp-block-kadence-advancedbtn .kb-btn32_a812c3-79.kb-button{border-top:3px solid var(--global-palette1, #3182CE);border-right:3px solid var(--global-palette1, #3182CE);border-bottom:3px solid var(--global-palette1, #3182CE);border-left:3px solid var(--global-palette1, #3182CE);}}@media all and (max-width: 1024px){.wp-block-kadence-advancedbtn .kb-btn32_a812c3-79.kb-button:hover, .wp-block-kadence-advancedbtn .kb-btn32_a812c3-79.kb-button:focus{border-top:3px solid;border-right:3px solid;border-bottom:3px solid;border-left:3px solid;}}@media all and (max-width: 767px){.wp-block-kadence-advancedbtn .kb-btn32_a812c3-79.kb-button{border-top:3px solid var(--global-palette1, #3182CE);border-right:3px solid var(--global-palette1, #3182CE);border-bottom:3px solid var(--global-palette1, #3182CE);border-left:3px solid var(--global-palette1, #3182CE);}.wp-block-kadence-advancedbtn .kb-btn32_a812c3-79.kb-button:hover, .wp-block-kadence-advancedbtn .kb-btn32_a812c3-79.kb-button:focus{border-top:3px solid;border-right:3px solid;border-bottom:3px solid;border-left:3px solid;}}<\/style><div data-aos=\"fade-right\" data-aos-duration=\"1500\" data-aos-easing=\"ease-in-out-back\" data-aos-once=\"true\" class=\"kb-blocks-button-aos kb-btn-width-type-auto\"><a class=\"kb-button kt-button button kb-btn32_a812c3-79 kt-btn-size-standard kt-btn-width-type-auto kb-btn-global-fill  kt-btn-has-text-true kt-btn-has-svg-false  wp-block-kadence-singlebtn\" href=\"#acceder\"><span class=\"kt-btn-inner-text\"><strong>ACCEDER<\/strong><\/span><\/a><\/div>\n\n<style>ul.menu .wp-block-kadence-advancedbtn .kb-btn32_429f4e-42.kb-button{width:initial;}.wp-block-kadence-advancedbtn .kb-btn32_429f4e-42.kb-button{color:var(--global-palette3, #1A202C);background:var(--global-palette1, #3182CE);border-top-left-radius:500px;border-top-right-radius:500px;border-bottom-right-radius:500px;border-bottom-left-radius:500px;border-top:3px solid var(--global-palette1, #3182CE);border-right:3px solid var(--global-palette1, #3182CE);border-bottom:3px solid var(--global-palette1, #3182CE);border-left:3px solid var(--global-palette1, #3182CE);padding-top:6px;padding-bottom:3px;}.wp-block-kadence-advancedbtn .kb-btn32_429f4e-42.kb-button:hover, .wp-block-kadence-advancedbtn .kb-btn32_429f4e-42.kb-button:focus{color:var(--global-palette9, #ffffff);background:var(--global-palette1, #3182CE);border-top:3px solid;border-right:3px solid;border-bottom:3px solid;border-left:3px solid;}@media all and (max-width: 1024px){.wp-block-kadence-advancedbtn .kb-btn32_429f4e-42.kb-button{border-top:3px solid var(--global-palette1, #3182CE);border-right:3px solid var(--global-palette1, #3182CE);border-bottom:3px solid var(--global-palette1, #3182CE);border-left:3px solid var(--global-palette1, #3182CE);}}@media all and (max-width: 1024px){.wp-block-kadence-advancedbtn .kb-btn32_429f4e-42.kb-button:hover, .wp-block-kadence-advancedbtn .kb-btn32_429f4e-42.kb-button:focus{border-top:3px solid;border-right:3px solid;border-bottom:3px solid;border-left:3px solid;}}@media all and (max-width: 767px){.wp-block-kadence-advancedbtn .kb-btn32_429f4e-42.kb-button{border-top:3px solid var(--global-palette1, #3182CE);border-right:3px solid var(--global-palette1, #3182CE);border-bottom:3px solid var(--global-palette1, #3182CE);border-left:3px solid var(--global-palette1, #3182CE);}.wp-block-kadence-advancedbtn .kb-btn32_429f4e-42.kb-button:hover, .wp-block-kadence-advancedbtn .kb-btn32_429f4e-42.kb-button:focus{border-top:3px solid;border-right:3px solid;border-bottom:3px solid;border-left:3px solid;}}<\/style><div data-aos=\"fade-right\" data-aos-duration=\"1500\" data-aos-easing=\"ease-in-out-back\" data-aos-once=\"true\" class=\"kb-blocks-button-aos kb-btn-width-type-auto\"><a class=\"kb-button kt-button button kb-btn32_429f4e-42 kt-btn-size-standard kt-btn-width-type-auto kb-btn-global-fill  kt-btn-has-text-true kt-btn-has-svg-false  wp-block-kadence-singlebtn\" href=\"http:\/\/asesoriaxesta.com\/a-mina-conta\/orders\/\"><span class=\"kt-btn-inner-text\"><strong>FORMACIONES<\/strong><\/span><\/a><\/div>\n\n<style>ul.menu .wp-block-kadence-advancedbtn .kb-btn32_766cc4-04.kb-button{width:initial;}.wp-block-kadence-advancedbtn .kb-btn32_766cc4-04.kb-button{color:var(--global-palette3, #1A202C);background:rgba(0,0,0,0);border-top-left-radius:500px;border-top-right-radius:500px;border-bottom-right-radius:500px;border-bottom-left-radius:500px;border-top:3px solid var(--global-palette1, #3182CE);border-right:3px solid var(--global-palette1, #3182CE);border-bottom:3px solid var(--global-palette1, #3182CE);border-left:3px solid var(--global-palette1, #3182CE);padding-top:6px;padding-bottom:3px;}.wp-block-kadence-advancedbtn .kb-btn32_766cc4-04.kb-button:hover, .wp-block-kadence-advancedbtn .kb-btn32_766cc4-04.kb-button:focus{color:var(--global-palette9, #ffffff);background:var(--global-palette1, #3182CE);border-top:3px solid;border-right:3px solid;border-bottom:3px solid;border-left:3px solid;}@media all and (max-width: 1024px){.wp-block-kadence-advancedbtn .kb-btn32_766cc4-04.kb-button{border-top:3px solid var(--global-palette1, #3182CE);border-right:3px solid var(--global-palette1, #3182CE);border-bottom:3px solid var(--global-palette1, #3182CE);border-left:3px solid var(--global-palette1, #3182CE);}}@media all and (max-width: 1024px){.wp-block-kadence-advancedbtn .kb-btn32_766cc4-04.kb-button:hover, .wp-block-kadence-advancedbtn .kb-btn32_766cc4-04.kb-button:focus{border-top:3px solid;border-right:3px solid;border-bottom:3px solid;border-left:3px solid;}}@media all and (max-width: 767px){.wp-block-kadence-advancedbtn .kb-btn32_766cc4-04.kb-button{border-top:3px solid var(--global-palette1, #3182CE);border-right:3px solid var(--global-palette1, #3182CE);border-bottom:3px solid var(--global-palette1, #3182CE);border-left:3px solid var(--global-palette1, #3182CE);}.wp-block-kadence-advancedbtn .kb-btn32_766cc4-04.kb-button:hover, .wp-block-kadence-advancedbtn .kb-btn32_766cc4-04.kb-button:focus{border-top:3px solid;border-right:3px solid;border-bottom:3px solid;border-left:3px solid;}}<\/style><div data-aos=\"fade-right\" data-aos-duration=\"1500\" data-aos-easing=\"ease-in-out-back\" data-aos-once=\"true\" class=\"kb-blocks-button-aos kb-btn-width-type-auto\"><a class=\"kb-button kt-button button kb-btn32_766cc4-04 kt-btn-size-standard kt-btn-width-type-auto kb-btn-global-fill  kt-btn-has-text-true kt-btn-has-svg-false  wp-block-kadence-singlebtn\" href=\"https:\/\/asesoriaxesta.com\/es\/contacto\/\"><span class=\"kt-btn-inner-text\"><strong>\u00bfHABLAMOS?<\/strong><\/span><\/a><\/div><\/div>\n<\/div><\/div>\n\n<\/div><\/div>","protected":false},"excerpt":{"rendered":"<p>Bienvenid@ al \u00e1rea interna de Xesta Este es tu rinc\u00f3n en Xesta. Un espacio para cuidar de la parte que no se ve, pero que sostiene su proyecto: la contabilidad, los impuestos y el d\u00eda a d\u00eda como persona emprendedora. V\u00eddeos formativos Xesta Acceso al portal Por motivos de seguridad, para acceder a tus datos&#8230;<\/p>\n","protected":false},"author":1,"featured_media":0,"parent":0,"menu_order":0,"comment_status":"closed","ping_status":"closed","template":"","meta":{"_acf_changed":false,"_kad_blocks_custom_css":"","_kad_blocks_head_custom_js":"","_kad_blocks_body_custom_js":"","_kad_blocks_footer_custom_js":"","_kad_post_transparent":"","_kad_post_title":"","_kad_post_layout":"","_kad_post_sidebar_id":"","_kad_post_content_style":"","_kad_post_vertical_padding":"","_kad_post_feature":"","_kad_post_feature_position":"","_kad_post_header":false,"_kad_post_footer":false,"_kad_post_classname":"","slim_seo":{"noindex":"1","title":"\u00c1rea Interna - Asesor\u00eda Xesta","description":""},"footnotes":""},"class_list":["post-1876","page","type-page","status-publish","hentry"],"acf":[],"taxonomy_info":[],"featured_image_src_large":false,"author_info":{"display_name":"Sara","author_link":"https:\/\/asesoriaxesta.com\/es\/author\/sara\/"},"comment_info":0,"_links":{"self":[{"href":"https:\/\/asesoriaxesta.com\/es\/wp-json\/wp\/v2\/pages\/1876","targetHints":{"allow":["GET"]}}],"collection":[{"href":"https:\/\/asesoriaxesta.com\/es\/wp-json\/wp\/v2\/pages"}],"about":[{"href":"https:\/\/asesoriaxesta.com\/es\/wp-json\/wp\/v2\/types\/page"}],"author":[{"embeddable":true,"href":"https:\/\/asesoriaxesta.com\/es\/wp-json\/wp\/v2\/users\/1"}],"replies":[{"embeddable":true,"href":"https:\/\/asesoriaxesta.com\/es\/wp-json\/wp\/v2\/comments?post=1876"}],"version-history":[{"count":5,"href":"https:\/\/asesoriaxesta.com\/es\/wp-json\/wp\/v2\/pages\/1876\/revisions"}],"predecessor-version":[{"id":2342,"href":"https:\/\/asesoriaxesta.com\/es\/wp-json\/wp\/v2\/pages\/1876\/revisions\/2342"}],"wp:attachment":[{"href":"https:\/\/asesoriaxesta.com\/es\/wp-json\/wp\/v2\/media?parent=1876"}],"curies":[{"name":"wp","href":"https:\/\/api.w.org\/{rel}","templated":true}]}}