{"id":2584,"date":"2026-03-20T11:43:42","date_gmt":"2026-03-20T10:43:42","guid":{"rendered":"https:\/\/asesoriaxesta.com\/reserva-a-tua-cita\/"},"modified":"2026-03-23T10:35:42","modified_gmt":"2026-03-23T09:35:42","slug":"reserva-tu-cita","status":"publish","type":"page","link":"https:\/\/asesoriaxesta.com\/es\/reserva-tu-cita\/","title":{"rendered":"Reserva a t\u00faa cita"},"content":{"rendered":"<style>.kb-row-layout-id2584_b140c2-27 > .kt-row-column-wrap{align-content:end;}:where(.kb-row-layout-id2584_b140c2-27 > .kt-row-column-wrap) > .wp-block-kadence-column{justify-content:end;}.kb-row-layout-id2584_b140c2-27 > .kt-row-column-wrap{column-gap:var(--global-kb-gap-md, 2rem);row-gap:var(--global-kb-gap-md, 2rem);padding-top:var(--global-kb-spacing-sm, 1.5rem);padding-bottom:var(--global-kb-spacing-sm, 1.5rem);min-height:40vh;grid-template-columns:minmax(0, 1fr);}.kb-row-layout-id2584_b140c2-27{border-top-left-radius:40px;border-top-right-radius:40px;border-bottom-right-radius:40px;border-bottom-left-radius:40px;overflow:clip;isolation:isolate;}.kb-row-layout-id2584_b140c2-27 > .kt-row-layout-overlay{border-top-left-radius:40px;border-top-right-radius:40px;border-bottom-right-radius:40px;border-bottom-left-radius:40px;}.kb-row-layout-id2584_b140c2-27{background-image:url('http:\/\/asesoriaxesta.com\/wp-content\/uploads\/2025\/08\/WEB_xesta_.webp');background-size:cover;background-position:45% 0%;background-attachment:fixed;background-repeat:no-repeat;}.kb-row-layout-id2584_b140c2-27 > .kt-row-layout-overlay{opacity:0.44;background-color:#1b0c05;}@media all and (max-width: 1024px), only screen and (min-device-width: 1024px) and (max-device-width: 1366px) and (-webkit-min-device-pixel-ratio: 2) and (hover: none){.kb-row-layout-id2584_b140c2-27{background-attachment:scroll;}}@media all and (max-width: 1024px){.kb-row-layout-id2584_b140c2-27 > .kt-row-column-wrap{grid-template-columns:minmax(0, 1fr);}}@media all and (max-width: 767px){.kb-row-layout-id2584_b140c2-27 > .kt-row-column-wrap{padding-bottom:var(--global-kb-spacing-sm, 1.5rem);grid-template-columns:minmax(0, 1fr);}}<\/style><div class=\"kb-row-layout-wrap kb-row-layout-id2584_b140c2-27 alignnone kt-row-has-bg wp-block-kadence-rowlayout\"><div class=\"kt-row-layout-overlay kt-row-overlay-normal\"><\/div><div class=\"kt-row-column-wrap kt-has-1-columns kt-row-layout-equal kt-tab-layout-inherit kt-mobile-layout-row kt-row-valign-bottom\">\n<style>.kadence-column2584_5cf712-52 > .kt-inside-inner-col,.kadence-column2584_5cf712-52 > .kt-inside-inner-col:before{border-top-left-radius:0px;border-top-right-radius:0px;border-bottom-right-radius:0px;border-bottom-left-radius:0px;}.kadence-column2584_5cf712-52 > .kt-inside-inner-col{column-gap:var(--global-kb-gap-sm, 1rem);}.kadence-column2584_5cf712-52 > .kt-inside-inner-col{flex-direction:column;}.kadence-column2584_5cf712-52 > .kt-inside-inner-col > .aligncenter{width:100%;}.kadence-column2584_5cf712-52 > .kt-inside-inner-col:before{opacity:0.3;}.kadence-column2584_5cf712-52{position:relative;}@media all and (max-width: 1024px){.kadence-column2584_5cf712-52 > .kt-inside-inner-col{flex-direction:column;justify-content:center;}}@media all and (max-width: 767px){.kadence-column2584_5cf712-52 > .kt-inside-inner-col{flex-direction:column;justify-content:center;}}<\/style>\n<div class=\"wp-block-kadence-column kadence-column2584_5cf712-52\"><div class=\"kt-inside-inner-col\"><style>.wp-block-kadence-advancedheading.kt-adv-heading2584_bd40c3-bf, .wp-block-kadence-advancedheading.kt-adv-heading2584_bd40c3-bf[data-kb-block=\"kb-adv-heading2584_bd40c3-bf\"]{padding-right:var(--global-kb-spacing-5xl, 10rem);padding-left:var(--global-kb-spacing-5xl, 10rem);margin-bottom:0px;text-align:center;font-size:52px;line-height:60px;font-style:normal;}.wp-block-kadence-advancedheading.kt-adv-heading2584_bd40c3-bf mark.kt-highlight, .wp-block-kadence-advancedheading.kt-adv-heading2584_bd40c3-bf[data-kb-block=\"kb-adv-heading2584_bd40c3-bf\"] mark.kt-highlight{font-style:normal;color:#f76a0c;-webkit-box-decoration-break:clone;box-decoration-break:clone;padding-top:0px;padding-right:0px;padding-bottom:0px;padding-left:0px;}.wp-block-kadence-advancedheading.kt-adv-heading2584_bd40c3-bf img.kb-inline-image, .wp-block-kadence-advancedheading.kt-adv-heading2584_bd40c3-bf[data-kb-block=\"kb-adv-heading2584_bd40c3-bf\"] img.kb-inline-image{width:150px;vertical-align:baseline;}@media all and (max-width: 767px){.wp-block-kadence-advancedheading.kt-adv-heading2584_bd40c3-bf, .wp-block-kadence-advancedheading.kt-adv-heading2584_bd40c3-bf[data-kb-block=\"kb-adv-heading2584_bd40c3-bf\"]{padding-right:var(--global-kb-spacing-xxs, 0.5rem);padding-left:var(--global-kb-spacing-xxs, 0.5rem);font-size:30px;line-height:35px;}}<\/style>\n<h1 class=\"kt-adv-heading2584_bd40c3-bf wp-block-kadence-advancedheading has-theme-palette-9-color has-text-color\" data-kb-block=\"kb-adv-heading2584_bd40c3-bf\">Consulta Xesta<\/h1>\n<\/div><\/div>\n\n<\/div><\/div>\n\n<style>.kb-row-layout-id2584_93be48-04 > .kt-row-column-wrap{align-content:center;}:where(.kb-row-layout-id2584_93be48-04 > .kt-row-column-wrap) > .wp-block-kadence-column{justify-content:center;}.kb-row-layout-id2584_93be48-04 > .kt-row-column-wrap{column-gap:var(--global-kb-gap-md, 2rem);row-gap:var(--global-kb-gap-md, 2rem);max-width:var( --global-content-width, 1450px );padding-left:var(--global-content-edge-padding);padding-right:var(--global-content-edge-padding);padding-bottom:var(--global-kb-spacing-lg, 3rem);grid-template-columns:minmax(0, calc(35% - ((var(--global-kb-gap-md, 2rem) * 1 )\/2)))minmax(0, calc(65% - ((var(--global-kb-gap-md, 2rem) * 1 )\/2)));}.kb-row-layout-id2584_93be48-04 > .kt-row-layout-overlay{opacity:0.30;}@media all and (max-width: 1024px){.kb-row-layout-id2584_93be48-04 > .kt-row-column-wrap{grid-template-columns:repeat(2, minmax(0, 1fr));}}@media all and (max-width: 767px){.kb-row-layout-id2584_93be48-04 > .kt-row-column-wrap{row-gap:var(--global-kb-gap-none, 0rem );padding-top:var(--global-kb-spacing-lg, 3rem);padding-right:var(--global-kb-spacing-sm, 1.5rem);padding-bottom:var(--global-kb-spacing-lg, 3rem);padding-left:var(--global-kb-spacing-sm, 1.5rem);grid-template-columns:minmax(0, 1fr);}}<\/style><div class=\"kb-row-layout-wrap kb-row-layout-id2584_93be48-04 alignnone has-theme-palette9-background-color kt-row-has-bg wp-block-kadence-rowlayout\"><div class=\"kt-row-column-wrap kt-has-2-columns kt-row-layout-equal kt-tab-layout-inherit kt-mobile-layout-row kt-row-valign-middle kb-theme-content-width\">\n<style>.kadence-column2584_e2de88-58 > .kt-inside-inner-col,.kadence-column2584_e2de88-58 > .kt-inside-inner-col:before{border-top-left-radius:0px;border-top-right-radius:0px;border-bottom-right-radius:0px;border-bottom-left-radius:0px;}.kadence-column2584_e2de88-58 > .kt-inside-inner-col{column-gap:var(--global-kb-gap-sm, 1rem);}.kadence-column2584_e2de88-58 > .kt-inside-inner-col{flex-direction:column;}.kadence-column2584_e2de88-58 > .kt-inside-inner-col > .aligncenter{width:100%;}.kadence-column2584_e2de88-58 > .kt-inside-inner-col:before{opacity:0.3;}.kadence-column2584_e2de88-58{position:relative;}@media all and (max-width: 1024px){.kadence-column2584_e2de88-58 > .kt-inside-inner-col{flex-direction:column;justify-content:center;}}@media all and (max-width: 767px){.kadence-column2584_e2de88-58 > .kt-inside-inner-col{flex-direction:column;justify-content:center;}.kadence-column2584_e2de88-58, .kt-inside-inner-col > .kadence-column2584_e2de88-58:not(.specificity){margin-bottom:-20px;}}<\/style>\n<div class=\"wp-block-kadence-column kadence-column2584_e2de88-58\"><div class=\"kt-inside-inner-col\"><style>.wp-block-kadence-advancedheading.kt-adv-heading2584_39135d-94, .wp-block-kadence-advancedheading.kt-adv-heading2584_39135d-94[data-kb-block=\"kb-adv-heading2584_39135d-94\"]{font-style:normal;}.wp-block-kadence-advancedheading.kt-adv-heading2584_39135d-94 mark.kt-highlight, .wp-block-kadence-advancedheading.kt-adv-heading2584_39135d-94[data-kb-block=\"kb-adv-heading2584_39135d-94\"] mark.kt-highlight{font-style:normal;color:#f76a0c;-webkit-box-decoration-break:clone;box-decoration-break:clone;padding-top:0px;padding-right:0px;padding-bottom:0px;padding-left:0px;}.wp-block-kadence-advancedheading.kt-adv-heading2584_39135d-94 img.kb-inline-image, .wp-block-kadence-advancedheading.kt-adv-heading2584_39135d-94[data-kb-block=\"kb-adv-heading2584_39135d-94\"] img.kb-inline-image{width:150px;vertical-align:baseline;}<\/style>\n<p class=\"kt-adv-heading2584_39135d-94 wp-block-kadence-advancedheading\" data-kb-block=\"kb-adv-heading2584_39135d-94\">\u00bfTienes una duda concreta y necesitas una respuesta clara, bien fundamentada y adaptada a tu caso? Este es un espacio de asesoramiento individual para analizar tu situaci\u00f3n y resolver cuestiones fiscales, contables o laborales con un enfoque pr\u00e1ctico y riguroso.<\/p>\n\n\n\n<p>En la consulta revisamos tu caso con detalle y te ofrecemos una orientaci\u00f3n ajustada a la normativa vigente y a la realidad de tu actividad, para que puedas tomar decisiones con seguridad.<\/p>\n\n\n\n<p>Antes de la reuni\u00f3n te solicitaremos la informaci\u00f3n necesaria para preparar la consulta y aprovechar al m\u00e1ximo el tiempo disponible.<\/p>\n\n\n\n<p>Si este es tu caso, reserva una cita con nosotros.<\/p>\n\n\n<style>.kadence-column2584_08cbee-2d > .kt-inside-inner-col{padding-top:20px;padding-right:20px;padding-bottom:20px;padding-left:20px;}.kadence-column2584_08cbee-2d > .kt-inside-inner-col{border-top:5px solid var(--global-palette1, #3182CE);border-right:5px solid var(--global-palette1, #3182CE);border-bottom:5px solid var(--global-palette1, #3182CE);border-left:5px solid var(--global-palette1, #3182CE);}.kadence-column2584_08cbee-2d > .kt-inside-inner-col,.kadence-column2584_08cbee-2d > .kt-inside-inner-col:before{border-top-left-radius:20px;border-top-right-radius:20px;border-bottom-right-radius:20px;border-bottom-left-radius:20px;}.kadence-column2584_08cbee-2d > .kt-inside-inner-col{column-gap:var(--global-kb-gap-sm, 1rem);}.kadence-column2584_08cbee-2d > .kt-inside-inner-col{flex-direction:column;}.kadence-column2584_08cbee-2d > .kt-inside-inner-col > .aligncenter{width:100%;}.kadence-column2584_08cbee-2d > .kt-inside-inner-col:before{opacity:0.3;}.kadence-column2584_08cbee-2d{position:relative;}@media all and (max-width: 1024px){.kadence-column2584_08cbee-2d > .kt-inside-inner-col{border-top:5px solid var(--global-palette1, #3182CE);border-right:5px solid var(--global-palette1, #3182CE);border-bottom:5px solid var(--global-palette1, #3182CE);border-left:5px solid var(--global-palette1, #3182CE);flex-direction:column;justify-content:center;}}@media all and (max-width: 767px){.kadence-column2584_08cbee-2d > .kt-inside-inner-col{border-top:5px solid var(--global-palette1, #3182CE);border-right:5px solid var(--global-palette1, #3182CE);border-bottom:5px solid var(--global-palette1, #3182CE);border-left:5px solid var(--global-palette1, #3182CE);flex-direction:column;justify-content:center;}}<\/style>\n<div class=\"wp-block-kadence-column kadence-column2584_08cbee-2d\"><div class=\"kt-inside-inner-col\"><style>.wp-block-kadence-advancedheading.kt-adv-heading2584_fbfef0-76, .wp-block-kadence-advancedheading.kt-adv-heading2584_fbfef0-76[data-kb-block=\"kb-adv-heading2584_fbfef0-76\"]{margin-bottom:0px;font-style:normal;}.wp-block-kadence-advancedheading.kt-adv-heading2584_fbfef0-76 mark.kt-highlight, .wp-block-kadence-advancedheading.kt-adv-heading2584_fbfef0-76[data-kb-block=\"kb-adv-heading2584_fbfef0-76\"] mark.kt-highlight{font-weight:700;font-style:normal;color:var(--global-palette2, #2B6CB0);-webkit-box-decoration-break:clone;box-decoration-break:clone;padding-top:0px;padding-right:0px;padding-bottom:0px;padding-left:0px;}.wp-block-kadence-advancedheading.kt-adv-heading2584_fbfef0-76 img.kb-inline-image, .wp-block-kadence-advancedheading.kt-adv-heading2584_fbfef0-76[data-kb-block=\"kb-adv-heading2584_fbfef0-76\"] img.kb-inline-image{width:150px;vertical-align:baseline;}<\/style>\n<p class=\"kt-adv-heading2584_fbfef0-76 wp-block-kadence-advancedheading\" data-kb-block=\"kb-adv-heading2584_fbfef0-76\"><mark true=\"true\" class=\"kt-highlight\">PRECIO DE LA CONSLUTA:<\/mark> 75\u20ac (IVA incluido)<\/p>\n\n\n<style>.wp-block-kadence-advancedheading.kt-adv-heading2584_359c82-b2, .wp-block-kadence-advancedheading.kt-adv-heading2584_359c82-b2[data-kb-block=\"kb-adv-heading2584_359c82-b2\"]{font-size:var(--global-kb-font-size-sm, 0.9rem);font-style:normal;}.wp-block-kadence-advancedheading.kt-adv-heading2584_359c82-b2 mark.kt-highlight, .wp-block-kadence-advancedheading.kt-adv-heading2584_359c82-b2[data-kb-block=\"kb-adv-heading2584_359c82-b2\"] mark.kt-highlight{font-style:normal;color:#f76a0c;-webkit-box-decoration-break:clone;box-decoration-break:clone;padding-top:0px;padding-right:0px;padding-bottom:0px;padding-left:0px;}.wp-block-kadence-advancedheading.kt-adv-heading2584_359c82-b2 img.kb-inline-image, .wp-block-kadence-advancedheading.kt-adv-heading2584_359c82-b2[data-kb-block=\"kb-adv-heading2584_359c82-b2\"] img.kb-inline-image{width:150px;vertical-align:baseline;}<\/style>\n<p class=\"kt-adv-heading2584_359c82-b2 wp-block-kadence-advancedheading\" data-kb-block=\"kb-adv-heading2584_359c82-b2\">Sesi\u00f3n de 1 hora para residentes en Pen\u00ednsula e Islas Baleares<\/p>\n<\/div><\/div>\n<\/div><\/div>\n\n\n<style>.kadence-column2584_5643aa-45 > .kt-inside-inner-col,.kadence-column2584_5643aa-45 > .kt-inside-inner-col:before{border-top-left-radius:0px;border-top-right-radius:0px;border-bottom-right-radius:0px;border-bottom-left-radius:0px;}.kadence-column2584_5643aa-45 > .kt-inside-inner-col{column-gap:var(--global-kb-gap-sm, 1rem);}.kadence-column2584_5643aa-45 > .kt-inside-inner-col{flex-direction:column;}.kadence-column2584_5643aa-45 > .kt-inside-inner-col > .aligncenter{width:100%;}.kadence-column2584_5643aa-45 > .kt-inside-inner-col:before{opacity:0.3;}.kadence-column2584_5643aa-45{position:relative;}@media all and (max-width: 1024px){.kadence-column2584_5643aa-45 > .kt-inside-inner-col{flex-direction:column;justify-content:center;}}@media all and (max-width: 767px){.kadence-column2584_5643aa-45 > .kt-inside-inner-col{flex-direction:column;justify-content:center;}}<\/style>\n<div class=\"wp-block-kadence-column kadence-column2584_5643aa-45\"><div class=\"kt-inside-inner-col\"><style>.kadence-column2584_f8dafa-57 > .kt-inside-inner-col,.kadence-column2584_f8dafa-57 > .kt-inside-inner-col:before{border-top-left-radius:0px;border-top-right-radius:0px;border-bottom-right-radius:0px;border-bottom-left-radius:0px;}.kadence-column2584_f8dafa-57 > .kt-inside-inner-col{column-gap:var(--global-kb-gap-sm, 1rem);}.kadence-column2584_f8dafa-57 > .kt-inside-inner-col{flex-direction:column;}.kadence-column2584_f8dafa-57 > .kt-inside-inner-col > .aligncenter{width:100%;}.kadence-column2584_f8dafa-57 > .kt-inside-inner-col:before{opacity:0.3;}.kadence-column2584_f8dafa-57{position:relative;}@media all and (max-width: 1024px){.kadence-column2584_f8dafa-57 > .kt-inside-inner-col{flex-direction:column;justify-content:center;}}@media all and (max-width: 767px){.kadence-column2584_f8dafa-57 > .kt-inside-inner-col{flex-direction:column;justify-content:center;}}<\/style>\n<div class=\"wp-block-kadence-column kadence-column2584_f8dafa-57\"><div class=\"kt-inside-inner-col\">\n<script>\n  if (typeof hasAmeliaEntitiesApiCall === 'undefined' && ('' === '' && '' !== '1')) {\n    var hasAmeliaEntitiesApiCall = true;\n  }\n  var ameliaShortcodeData = (typeof ameliaShortcodeData === 'undefined') ? [] : ameliaShortcodeData;\n  ameliaShortcodeData.push(\n    {\n      'hasApiCall': (typeof hasAmeliaEntitiesApiCall !== 'undefined') && hasAmeliaEntitiesApiCall,\n      'trigger': '',\n      'trigger_type': '',\n      'triggered_form': 'sbsNew',\n      'in_dialog': '',\n      'show': '',\n      'counter': '1000',\n      'category': '',\n      'service': '',\n      'employee': '',\n      'location': '',\n      'package': '',\n      'layout': '1',\n    }\n  );\n\n  var ameliaShortcodeDataTriggered = (typeof ameliaShortcodeDataTriggered === 'undefined') ? [] : ameliaShortcodeDataTriggered;\n  if (ameliaShortcodeData[ameliaShortcodeData.length - 1].trigger !== '') {\n    if (ameliaShortcodeDataTriggered.filter(a => a.counter === ameliaShortcodeData[ameliaShortcodeData.length - 1].counter).length === 0) {\n      ameliaShortcodeDataTriggered.push(ameliaShortcodeData.pop());\n    } else {\n      ameliaShortcodeData.pop()\n    }\n  }\n  if (typeof hasAmeliaEntitiesApiCall !== 'undefined' && hasAmeliaEntitiesApiCall) {\n    hasAmeliaEntitiesApiCall = false;\n  }\n<\/script>\n\n<div\n  id=\"amelia-v2-booking-1000\"\n  class=\"amelia-v2-booking\"\n >\n    <step-form-wrapper><\/step-form-wrapper><\/div>\n<\/div><\/div>\n<\/div><\/div>\n\n<\/div><\/div>","protected":false},"excerpt":{"rendered":"<p>Consulta Xesta \u00bfTienes una duda concreta y necesitas una respuesta clara, bien fundamentada y adaptada a tu caso? Este es un espacio de asesoramiento individual para analizar tu situaci\u00f3n y resolver cuestiones fiscales, contables o laborales con un enfoque pr\u00e1ctico y riguroso. En la consulta revisamos tu caso con detalle y te ofrecemos una orientaci\u00f3n&#8230;<\/p>\n","protected":false},"author":1,"featured_media":0,"parent":0,"menu_order":0,"comment_status":"closed","ping_status":"closed","template":"","meta":{"_acf_changed":false,"_kad_blocks_custom_css":"","_kad_blocks_head_custom_js":"","_kad_blocks_body_custom_js":"","_kad_blocks_footer_custom_js":"","_kad_post_transparent":"","_kad_post_title":"","_kad_post_layout":"","_kad_post_sidebar_id":"","_kad_post_content_style":"","_kad_post_vertical_padding":"","_kad_post_feature":"","_kad_post_feature_position":"","_kad_post_header":false,"_kad_post_footer":false,"_kad_post_classname":"","slim_seo":{"title":"Reserva a t\u00faa cita - Asesor\u00eda Xesta","description":""},"footnotes":""},"class_list":["post-2584","page","type-page","status-publish","hentry"],"acf":[],"taxonomy_info":[],"featured_image_src_large":false,"author_info":{"display_name":"Sara","author_link":"https:\/\/asesoriaxesta.com\/es\/author\/sara\/"},"comment_info":0,"_links":{"self":[{"href":"https:\/\/asesoriaxesta.com\/es\/wp-json\/wp\/v2\/pages\/2584","targetHints":{"allow":["GET"]}}],"collection":[{"href":"https:\/\/asesoriaxesta.com\/es\/wp-json\/wp\/v2\/pages"}],"about":[{"href":"https:\/\/asesoriaxesta.com\/es\/wp-json\/wp\/v2\/types\/page"}],"author":[{"embeddable":true,"href":"https:\/\/asesoriaxesta.com\/es\/wp-json\/wp\/v2\/users\/1"}],"replies":[{"embeddable":true,"href":"https:\/\/asesoriaxesta.com\/es\/wp-json\/wp\/v2\/comments?post=2584"}],"version-history":[{"count":3,"href":"https:\/\/asesoriaxesta.com\/es\/wp-json\/wp\/v2\/pages\/2584\/revisions"}],"predecessor-version":[{"id":2609,"href":"https:\/\/asesoriaxesta.com\/es\/wp-json\/wp\/v2\/pages\/2584\/revisions\/2609"}],"wp:attachment":[{"href":"https:\/\/asesoriaxesta.com\/es\/wp-json\/wp\/v2\/media?parent=2584"}],"curies":[{"name":"wp","href":"https:\/\/api.w.org\/{rel}","templated":true}]}}